{"id":2305,"date":"2022-03-07T21:03:39","date_gmt":"2022-03-07T21:03:39","guid":{"rendered":"https:\/\/www.shahprestige.com\/produit\/oscietra-premium\/"},"modified":"2026-04-21T10:10:41","modified_gmt":"2026-04-21T09:10:41","slug":"oscietra-premium","status":"publish","type":"product","link":"https:\/\/www.shahprestige.com\/es\/produit\/oscietra-premium\/","title":{"rendered":"Oscietra Premium"},"content":{"rendered":"<p data-start=\"618\" data-end=\"937\">Procedente del esturi\u00f3n <em data-start=\"638\" data-end=\"665\">Acipenser Gueldenstaedtii<\/em>, el <strong data-start=\"669\" data-end=\"689\">Oscietra Premium<\/strong> encarna una de las expresiones m\u00e1s nobles del caviar. Cosechado en su madurez \u00f3ptima, a los <strong data-start=\"782\" data-end=\"797\">12 a\u00f1os<\/strong>, se distingue por la <strong data-start=\"822\" data-end=\"859\">notable firmeza de sus granos<\/strong>, con un di\u00e1metro de aproximadamente <strong data-start=\"885\" data-end=\"893\">3 mm<\/strong>, garant\u00eda de una textura perfectamente dominada. <\/p>\n<p data-start=\"939\" data-end=\"1331\">Su color <strong data-start=\"947\" data-end=\"979\">verde oliva con reflejos dorados<\/strong> atestigua su autenticidad y su alto nivel de selecci\u00f3n. En boca, este caviar revela una <strong data-start=\"1077\" data-end=\"1127\">paleta arom\u00e1tica marina de gran delicadeza<\/strong>, equilibrada y elegante, prolongada por <strong data-start=\"1170\" data-end=\"1196\">sutiles notas de nuez<\/strong> que aportan profundidad y complejidad. El final es <strong data-start=\"1251\" data-end=\"1289\">largo, persistente y armonioso<\/strong>, sello distintivo de los caviares de gran origen.  <\/p>\n<p data-start=\"1333\" data-end=\"1558\">Dise\u00f1ado tanto para aficionados expertos como para la alta cocina, el Oscietra Premium ofrece una degustaci\u00f3n pura, sincera y memorable, donde cada grano expresa el refinamiento, la tradici\u00f3n y la exigencia de un producto excepcional.<\/p>\n","protected":false},"excerpt":{"rendered":"<p><strong data-start=\"286\" data-end=\"357\">Caviar excepcional procedente del esturi\u00f3n <em data-start=\"327\" data-end=\"354\">Acipenser Gueldenstaedtii<\/em>.<\/strong><br data-start=\"357\" data-end=\"360\">Sus granos firmes, verde oliva con reflejos dorados, revelan una elegante expresi\u00f3n marina, sutilmente realzada con notas de nuez, para una degustaci\u00f3n larga y refinada.<\/p>\n","protected":false},"featured_media":2097,"template":"","meta":{"_acf_changed":false,"_kad_blocks_custom_css":"","_kad_blocks_head_custom_js":"","_kad_blocks_body_custom_js":"","_kad_blocks_footer_custom_js":"","_kadence_starter_templates_imported_post":false,"_kad_post_transparent":"","_kad_post_title":"","_kad_post_layout":"","_kad_post_sidebar_id":"","_kad_post_content_style":"","_kad_post_vertical_padding":"","_kad_post_feature":"","_kad_post_feature_position":"","_kad_post_header":false,"_kad_post_footer":false,"_kad_post_classname":""},"product_brand":[],"product_cat":[125],"product_tag":[],"class_list":{"0":"post-2305","1":"product","2":"type-product","3":"status-publish","4":"has-post-thumbnail","6":"product_cat-caviares","8":"first","9":"instock","10":"taxable","11":"shipping-taxable","12":"purchasable","13":"product-type-variable","14":"entry","15":"content-bg","16":"loop-entry"},"acf":[],"taxonomy_info":{"product_cat":[{"value":125,"label":"CAVIARES"}]},"featured_image_src_large":["https:\/\/www.shahprestige.com\/wp-content\/uploads\/2026\/03\/Shah-Darya-Caviar_OSCIETRA-PREMIUM-1024x1024.png",1024,1024,true],"author_info":[],"comment_info":"","_links":{"self":[{"href":"https:\/\/www.shahprestige.com\/es\/wp-json\/wp\/v2\/product\/2305","targetHints":{"allow":["GET"]}}],"collection":[{"href":"https:\/\/www.shahprestige.com\/es\/wp-json\/wp\/v2\/product"}],"about":[{"href":"https:\/\/www.shahprestige.com\/es\/wp-json\/wp\/v2\/types\/product"}],"wp:featuredmedia":[{"embeddable":true,"href":"https:\/\/www.shahprestige.com\/es\/wp-json\/wp\/v2\/media\/2097"}],"wp:attachment":[{"href":"https:\/\/www.shahprestige.com\/es\/wp-json\/wp\/v2\/media?parent=2305"}],"wp:term":[{"taxonomy":"product_brand","embeddable":true,"href":"https:\/\/www.shahprestige.com\/es\/wp-json\/wp\/v2\/product_brand?post=2305"},{"taxonomy":"product_cat","embeddable":true,"href":"https:\/\/www.shahprestige.com\/es\/wp-json\/wp\/v2\/product_cat?post=2305"},{"taxonomy":"product_tag","embeddable":true,"href":"https:\/\/www.shahprestige.com\/es\/wp-json\/wp\/v2\/product_tag?post=2305"}],"curies":[{"name":"wp","href":"https:\/\/api.w.org\/{rel}","templated":true}]}}