{"id":2288,"date":"2026-02-17T18:11:36","date_gmt":"2026-02-17T17:11:36","guid":{"rendered":"https:\/\/www.shahprestige.com\/produit\/tsar-imperial-gold\/"},"modified":"2026-04-21T10:07:15","modified_gmt":"2026-04-21T09:07:15","slug":"tsar-imperial-gold","status":"publish","type":"product","link":"https:\/\/www.shahprestige.com\/es\/produit\/tsar-imperial-gold\/","title":{"rendered":"Tsar Imperial Gold"},"content":{"rendered":"<p data-start=\"677\" data-end=\"1087\">Procedente del esturi\u00f3n h\u00edbrido <strong data-start=\"705\" data-end=\"745\">Acipenser Schrenckii x Huso Dauricus<\/strong>, el <strong data-start=\"750\" data-end=\"772\">Tsar Imperial Gold<\/strong> encarna una expresi\u00f3n rara y luminosa del caviar. Criados en vastos <strong data-start=\"847\" data-end=\"891\">lagos sino-rusos que bordean el r\u00edo Amur<\/strong>, estos esturiones se benefician de un entorno espacioso que favorece una nataci\u00f3n libre y regular. Esta particularidad contribuye a la <strong data-start=\"1023\" data-end=\"1055\">firmeza natural de las huevas<\/strong> y a la pureza de su textura.  <\/p>\n<p data-start=\"1089\" data-end=\"1386\">Recolectado en su madurez \u00f3ptima, entre <strong data-start=\"1124\" data-end=\"1140\">10 y 15 a\u00f1os<\/strong>, este caviar se distingue por sus <strong data-start=\"1173\" data-end=\"1208\">huevas generosas de 3,0 a 3,3 mm<\/strong>, perfectamente separadas y de una consistencia notable. Su color <strong data-start=\"1268\" data-end=\"1300\">marr\u00f3n claro con reflejos dorados<\/strong> revela una selecci\u00f3n exigente y una <strong data-start=\"1339\" data-end=\"1385\">rareza visual inmediatamente identificable<\/strong>. <\/p>\n<p data-start=\"1388\" data-end=\"1668\">En boca, el Tsar Imperial Gold despliega una <strong data-start=\"1433\" data-end=\"1466\">intensidad yodada medida (2\/5)<\/strong>, dando paso a <strong data-start=\"1489\" data-end=\"1520\">sabores suaves y delicados<\/strong>. El equilibrio arom\u00e1tico, preciso y sutil, se expresa con elegancia, sostenido por una <strong data-start=\"1605\" data-end=\"1622\">textura firme<\/strong> que prolonga la degustaci\u00f3n con distinci\u00f3n. <\/p>\n<p data-start=\"1670\" data-end=\"1858\">Dise\u00f1ado para los <strong data-start=\"1685\" data-end=\"1705\">amantes expertos<\/strong> y las <strong data-start=\"1713\" data-end=\"1735\">mesas de excepci\u00f3n<\/strong>, este caviar semisalvaje conjuga tradici\u00f3n, maestr\u00eda y rareza, ofreciendo una experiencia gastron\u00f3mica de gran delicadeza.<\/p>\n","protected":false},"excerpt":{"rendered":"<p>Caviar raro procedente del esturi\u00f3n h\u00edbrido <strong data-start=\"339\" data-end=\"379\">Acipenser Schrenckii x Huso Dauricus<\/strong>, el <strong data-start=\"384\" data-end=\"406\">Tsar Imperial Gold<\/strong> se distingue por sus <strong data-start=\"428\" data-end=\"467\">huevas marr\u00f3n claro con reflejos dorados<\/strong> y su <strong data-start=\"474\" data-end=\"491\">textura firme<\/strong>.<br data-start=\"492\" data-end=\"495\">Sus <strong data-start=\"499\" data-end=\"530\">sabores suaves y delicados<\/strong>, sutilmente yodados, ofrecen una degustaci\u00f3n elegante, armoniosa y perfectamente equilibrada.<\/p>\n","protected":false},"featured_media":2098,"template":"","meta":{"_acf_changed":false,"_kad_blocks_custom_css":"","_kad_blocks_head_custom_js":"","_kad_blocks_body_custom_js":"","_kad_blocks_footer_custom_js":"","_kadence_starter_templates_imported_post":false,"_kad_post_transparent":"","_kad_post_title":"","_kad_post_layout":"","_kad_post_sidebar_id":"","_kad_post_content_style":"","_kad_post_vertical_padding":"","_kad_post_feature":"","_kad_post_feature_position":"","_kad_post_header":false,"_kad_post_footer":false,"_kad_post_classname":""},"product_brand":[],"product_cat":[125],"product_tag":[],"class_list":{"0":"post-2288","1":"product","2":"type-product","3":"status-publish","4":"has-post-thumbnail","6":"product_cat-caviares","8":"first","9":"instock","10":"taxable","11":"shipping-taxable","12":"purchasable","13":"product-type-variable","14":"entry","15":"content-bg","16":"loop-entry"},"acf":[],"taxonomy_info":{"product_cat":[{"value":125,"label":"CAVIARES"}]},"featured_image_src_large":["https:\/\/www.shahprestige.com\/wp-content\/uploads\/2026\/03\/Shah-Darya-Caviar_TSAR-IMPERIAL-GOLD-1024x1024.png",1024,1024,true],"author_info":[],"comment_info":"","_links":{"self":[{"href":"https:\/\/www.shahprestige.com\/es\/wp-json\/wp\/v2\/product\/2288","targetHints":{"allow":["GET"]}}],"collection":[{"href":"https:\/\/www.shahprestige.com\/es\/wp-json\/wp\/v2\/product"}],"about":[{"href":"https:\/\/www.shahprestige.com\/es\/wp-json\/wp\/v2\/types\/product"}],"wp:featuredmedia":[{"embeddable":true,"href":"https:\/\/www.shahprestige.com\/es\/wp-json\/wp\/v2\/media\/2098"}],"wp:attachment":[{"href":"https:\/\/www.shahprestige.com\/es\/wp-json\/wp\/v2\/media?parent=2288"}],"wp:term":[{"taxonomy":"product_brand","embeddable":true,"href":"https:\/\/www.shahprestige.com\/es\/wp-json\/wp\/v2\/product_brand?post=2288"},{"taxonomy":"product_cat","embeddable":true,"href":"https:\/\/www.shahprestige.com\/es\/wp-json\/wp\/v2\/product_cat?post=2288"},{"taxonomy":"product_tag","embeddable":true,"href":"https:\/\/www.shahprestige.com\/es\/wp-json\/wp\/v2\/product_tag?post=2288"}],"curies":[{"name":"wp","href":"https:\/\/api.w.org\/{rel}","templated":true}]}}