{"id":2297,"date":"2026-02-17T18:11:36","date_gmt":"2026-02-17T17:11:36","guid":{"rendered":"https:\/\/www.shahprestige.com\/produit\/tsar-imperial-gold\/"},"modified":"2026-04-21T10:07:16","modified_gmt":"2026-04-21T09:07:16","slug":"tsar-imperial-gold","status":"publish","type":"product","link":"https:\/\/www.shahprestige.com\/ca\/produit\/tsar-imperial-gold\/","title":{"rendered":"Tsar Imperial Gold"},"content":{"rendered":"<p data-start=\"677\" data-end=\"1087\">Procedent de l&#8217;esturi\u00f3 h\u00edbrid <strong data-start=\"705\" data-end=\"745\">Acipenser Schrenckii x Huso Dauricus<\/strong>, el <strong data-start=\"750\" data-end=\"772\">Tsar Imperial Gold<\/strong> encarna una expressi\u00f3 rara i lluminosa del caviar. Criats en vasts <strong data-start=\"847\" data-end=\"891\">llacs sinorussos que voregen el riu Amur<\/strong>, aquests esturions gaudeixen d&#8217;un entorn espai\u00f3s que afavoreix una nataci\u00f3 lliure i regular. Aquesta particularitat contribueix a la <strong data-start=\"1023\" data-end=\"1055\">fermesa natural dels grans<\/strong> i a la puresa de la seva textura.  <\/p>\n<p data-start=\"1089\" data-end=\"1386\">Recollit en el punt \u00f2ptim de maduresa, entre <strong data-start=\"1124\" data-end=\"1140\">10 i 15 anys<\/strong>, aquest caviar es distingeix pels seus <strong data-start=\"1173\" data-end=\"1208\">grans generosos de 3,0 a 3,3 mm<\/strong>, perfectament separats i d&#8217;una fermesa remarcable. El seu color <strong data-start=\"1268\" data-end=\"1300\">marr\u00f3 clar amb reflexos daurats<\/strong> revela una selecci\u00f3 exigent i una <strong data-start=\"1339\" data-end=\"1385\">raresa visual immediatament identificable<\/strong>. <\/p>\n<p data-start=\"1388\" data-end=\"1668\">En boca, el Tsar Imperial Gold desplega una <strong data-start=\"1433\" data-end=\"1466\">intensitat iodada moderada (2\/5)<\/strong>, donant pas a uns <strong data-start=\"1489\" data-end=\"1520\">sabors dol\u00e7os i delicats<\/strong>. L&#8217;equilibri arom\u00e0tic, prec\u00eds i subtil, s&#8217;expressa amb eleg\u00e0ncia, recolzat per una <strong data-start=\"1605\" data-end=\"1622\">textura ferma<\/strong> que prolonga la degustaci\u00f3 amb distinci\u00f3. <\/p>\n<p data-start=\"1670\" data-end=\"1858\">Pensat per als <strong data-start=\"1685\" data-end=\"1705\">amants entesos<\/strong> i les <strong data-start=\"1713\" data-end=\"1735\">taules d&#8217;excepci\u00f3<\/strong>, aquest caviar semisalvatge conjuga tradici\u00f3, mestratge i raresa, oferint una experi\u00e8ncia gastron\u00f2mica de gran finor.<\/p>\n","protected":false},"excerpt":{"rendered":"<p>Caviar rar procedent de l&#8217;esturi\u00f3 h\u00edbrid <strong data-start=\"339\" data-end=\"379\">Acipenser Schrenckii x Huso Dauricus<\/strong>, el <strong data-start=\"384\" data-end=\"406\">Tsar Imperial Gold<\/strong> es distingeix pels seus <strong data-start=\"428\" data-end=\"467\">grans marr\u00f3 clar amb reflexos daurats<\/strong> i la seva <strong data-start=\"474\" data-end=\"491\">textura ferma<\/strong>.<br data-start=\"492\" data-end=\"495\">Els seus <strong data-start=\"499\" data-end=\"530\">sabors dol\u00e7os i delicats<\/strong>, subtilment iodats, ofereixen una degustaci\u00f3 elegant, harmoniosa i perfectament equilibrada.<\/p>\n","protected":false},"featured_media":2098,"template":"","meta":{"_acf_changed":false,"_kad_blocks_custom_css":"","_kad_blocks_head_custom_js":"","_kad_blocks_body_custom_js":"","_kad_blocks_footer_custom_js":"","_kadence_starter_templates_imported_post":false,"_kad_post_transparent":"","_kad_post_title":"","_kad_post_layout":"","_kad_post_sidebar_id":"","_kad_post_content_style":"","_kad_post_vertical_padding":"","_kad_post_feature":"","_kad_post_feature_position":"","_kad_post_header":false,"_kad_post_footer":false,"_kad_post_classname":""},"product_brand":[],"product_cat":[123],"product_tag":[],"class_list":{"0":"post-2297","1":"product","2":"type-product","3":"status-publish","4":"has-post-thumbnail","6":"product_cat-caviars","8":"first","9":"instock","10":"taxable","11":"shipping-taxable","12":"purchasable","13":"product-type-variable","14":"entry","15":"content-bg","16":"loop-entry"},"acf":[],"taxonomy_info":{"product_cat":[{"value":123,"label":"CAVIARS"}]},"featured_image_src_large":["https:\/\/www.shahprestige.com\/wp-content\/uploads\/2026\/03\/Shah-Darya-Caviar_TSAR-IMPERIAL-GOLD-1024x1024.png",1024,1024,true],"author_info":[],"comment_info":"","_links":{"self":[{"href":"https:\/\/www.shahprestige.com\/ca\/wp-json\/wp\/v2\/product\/2297","targetHints":{"allow":["GET"]}}],"collection":[{"href":"https:\/\/www.shahprestige.com\/ca\/wp-json\/wp\/v2\/product"}],"about":[{"href":"https:\/\/www.shahprestige.com\/ca\/wp-json\/wp\/v2\/types\/product"}],"wp:featuredmedia":[{"embeddable":true,"href":"https:\/\/www.shahprestige.com\/ca\/wp-json\/wp\/v2\/media\/2098"}],"wp:attachment":[{"href":"https:\/\/www.shahprestige.com\/ca\/wp-json\/wp\/v2\/media?parent=2297"}],"wp:term":[{"taxonomy":"product_brand","embeddable":true,"href":"https:\/\/www.shahprestige.com\/ca\/wp-json\/wp\/v2\/product_brand?post=2297"},{"taxonomy":"product_cat","embeddable":true,"href":"https:\/\/www.shahprestige.com\/ca\/wp-json\/wp\/v2\/product_cat?post=2297"},{"taxonomy":"product_tag","embeddable":true,"href":"https:\/\/www.shahprestige.com\/ca\/wp-json\/wp\/v2\/product_tag?post=2297"}],"curies":[{"name":"wp","href":"https:\/\/api.w.org\/{rel}","templated":true}]}}