{"id":2286,"date":"2022-03-07T21:03:39","date_gmt":"2022-03-07T21:03:39","guid":{"rendered":"https:\/\/www.shahprestige.com\/produit\/oscietra-premium\/"},"modified":"2026-04-21T10:10:42","modified_gmt":"2026-04-21T09:10:42","slug":"oscietra-premium","status":"publish","type":"product","link":"https:\/\/www.shahprestige.com\/ca\/produit\/oscietra-premium\/","title":{"rendered":"Oscietra Premium"},"content":{"rendered":"<p data-start=\"618\" data-end=\"937\">Procedent de l&#8217;esturi\u00f3 <em data-start=\"638\" data-end=\"665\">Acipenser Gueldenstaedtii<\/em>, l&#8217;<strong data-start=\"669\" data-end=\"689\">Oscietra Premium<\/strong> encarna una de les expressions m\u00e9s nobles del caviar. Recollit en la seva maduresa \u00f2ptima, als <strong data-start=\"782\" data-end=\"797\">12 anys<\/strong>, es distingeix per la <strong data-start=\"822\" data-end=\"859\">fermesa notable dels seus grans<\/strong>, d&#8217;un di\u00e0metre d&#8217;aproximadament <strong data-start=\"885\" data-end=\"893\">3 mm<\/strong>, garantia d&#8217;una textura perfectament controlada. <\/p>\n<p data-start=\"939\" data-end=\"1331\">El seu color <strong data-start=\"947\" data-end=\"979\">verd oliva amb reflexos daurats<\/strong> testimonia la seva autenticitat i el seu alt nivell de selecci\u00f3. En boca, aquest caviar revela una <strong data-start=\"1077\" data-end=\"1127\">paleta arom\u00e0tica marina d&#8217;una gran delicadesa<\/strong>, equilibrada i elegant, prolongada per <strong data-start=\"1170\" data-end=\"1196\">subtils notes de nous<\/strong> que aporten profunditat i complexitat. El final \u00e9s <strong data-start=\"1251\" data-end=\"1289\">llarg, persistent i harmoni\u00f3s<\/strong>, signatura dels caviars de gran origen.  <\/p>\n<p data-start=\"1333\" data-end=\"1558\">Pensat tant per als amants experts com per a les grans taules, l&#8217;Oscietra Premium ofereix una degustaci\u00f3 pura, sincera i memorable, on cada gra expressa el refinament, la tradici\u00f3 i l&#8217;exig\u00e8ncia d&#8217;un producte d&#8217;excepci\u00f3.<\/p>\n","protected":false},"excerpt":{"rendered":"<p><strong data-start=\"286\" data-end=\"357\">Caviar d&#8217;excepci\u00f3 procedent de l&#8217;esturi\u00f3 <em data-start=\"327\" data-end=\"354\">Acipenser Gueldenstaedtii<\/em>.<\/strong><br data-start=\"357\" data-end=\"360\">Els seus grans ferms verd oliva amb reflexos daurats revelen una expressi\u00f3 marina elegant, subtilment real\u00e7ada amb notes de nous, per a una degustaci\u00f3 llarga i refinada.<\/p>\n","protected":false},"featured_media":2097,"template":"","meta":{"_acf_changed":false,"_kad_blocks_custom_css":"","_kad_blocks_head_custom_js":"","_kad_blocks_body_custom_js":"","_kad_blocks_footer_custom_js":"","_kadence_starter_templates_imported_post":false,"_kad_post_transparent":"","_kad_post_title":"","_kad_post_layout":"","_kad_post_sidebar_id":"","_kad_post_content_style":"","_kad_post_vertical_padding":"","_kad_post_feature":"","_kad_post_feature_position":"","_kad_post_header":false,"_kad_post_footer":false,"_kad_post_classname":""},"product_brand":[],"product_cat":[123],"product_tag":[],"class_list":{"0":"post-2286","1":"product","2":"type-product","3":"status-publish","4":"has-post-thumbnail","6":"product_cat-caviars","8":"first","9":"instock","10":"taxable","11":"shipping-taxable","12":"purchasable","13":"product-type-variable","14":"entry","15":"content-bg","16":"loop-entry"},"acf":[],"taxonomy_info":{"product_cat":[{"value":123,"label":"CAVIARS"}]},"featured_image_src_large":["https:\/\/www.shahprestige.com\/wp-content\/uploads\/2026\/03\/Shah-Darya-Caviar_OSCIETRA-PREMIUM-1024x1024.png",1024,1024,true],"author_info":[],"comment_info":"","_links":{"self":[{"href":"https:\/\/www.shahprestige.com\/ca\/wp-json\/wp\/v2\/product\/2286","targetHints":{"allow":["GET"]}}],"collection":[{"href":"https:\/\/www.shahprestige.com\/ca\/wp-json\/wp\/v2\/product"}],"about":[{"href":"https:\/\/www.shahprestige.com\/ca\/wp-json\/wp\/v2\/types\/product"}],"wp:featuredmedia":[{"embeddable":true,"href":"https:\/\/www.shahprestige.com\/ca\/wp-json\/wp\/v2\/media\/2097"}],"wp:attachment":[{"href":"https:\/\/www.shahprestige.com\/ca\/wp-json\/wp\/v2\/media?parent=2286"}],"wp:term":[{"taxonomy":"product_brand","embeddable":true,"href":"https:\/\/www.shahprestige.com\/ca\/wp-json\/wp\/v2\/product_brand?post=2286"},{"taxonomy":"product_cat","embeddable":true,"href":"https:\/\/www.shahprestige.com\/ca\/wp-json\/wp\/v2\/product_cat?post=2286"},{"taxonomy":"product_tag","embeddable":true,"href":"https:\/\/www.shahprestige.com\/ca\/wp-json\/wp\/v2\/product_tag?post=2286"}],"curies":[{"name":"wp","href":"https:\/\/api.w.org\/{rel}","templated":true}]}}