{"id":2260,"date":"2026-02-17T20:20:11","date_gmt":"2026-02-17T19:20:11","guid":{"rendered":"https:\/\/www.shahprestige.com\/produit\/beluga-iran\/"},"modified":"2026-04-21T10:10:43","modified_gmt":"2026-04-21T09:10:43","slug":"beluga-iran","status":"publish","type":"product","link":"https:\/\/www.shahprestige.com\/ca\/produit\/beluga-iran\/","title":{"rendered":"Beluga Iran"},"content":{"rendered":"<p data-start=\"630\" data-end=\"963\">Procedent del llegendari <strong data-start=\"654\" data-end=\"667\">Huso Huso<\/strong>, el <strong data-start=\"672\" data-end=\"687\">Beluga Iran<\/strong> encarna l\u2019expressi\u00f3 m\u00e9s noble i m\u00e9s cobejada del caviar. Criats en un <strong data-start=\"771\" data-end=\"803\">llac natural profund a la Xina<\/strong> i, despr\u00e9s, alimentats en captivitat en condicions controlades, aquests esturions desenvolupen un perfil arom\u00e0tic rar, fidel a l\u2019esperit dels grans caviars salvatges. <\/p>\n<p data-start=\"965\" data-end=\"1239\">Collit en el punt \u00f2ptim de maduresa <strong data-start=\"999\" data-end=\"1015\">com a m\u00ednim 20 anys<\/strong>, aquest caviar revela <strong data-start=\"1038\" data-end=\"1073\">grans delicats de 2,9 a 3,5 mm<\/strong>, amb una <strong data-start=\"1080\" data-end=\"1099\">textura sedosa<\/strong> i fondent. El seu color evoluciona del <strong data-start=\"1131\" data-end=\"1161\">gris clar al gris profund<\/strong>, una signatura visual elegant i caracter\u00edstica dels Beluga de gran origen. <\/p>\n<p data-start=\"1241\" data-end=\"1573\">En boca, el Beluga Iran desplega una <strong data-start=\"1279\" data-end=\"1313\">intensitat iodada marcada (4\/5)<\/strong>, que recorda el car\u00e0cter del caviar salvatge. Els <strong data-start=\"1361\" data-end=\"1392\">sabors rics i complexos<\/strong> s\u2019expressen amb profunditat, sostinguts per subtils <strong data-start=\"1446\" data-end=\"1464\">notes mantegoses<\/strong> que embolcallen el paladar. El final, llarg i harmoni\u00f3s, deixa una empremta persistent i inimitable.  <\/p>\n<p data-start=\"1575\" data-end=\"1792\">Destinat als <strong data-start=\"1587\" data-end=\"1618\">gurmet m\u00e9s exigents<\/strong> i a les <strong data-start=\"1626\" data-end=\"1648\">taules d\u2019excepci\u00f3<\/strong>, el Beluga Iran ofereix un tast d\u2019una eleg\u00e0ncia rara, on la pot\u00e8ncia arom\u00e0tica i la finor textural s\u2019uneixen en un equilibri sobir\u00e0.<\/p>\n","protected":false},"excerpt":{"rendered":"<p>Procedent del prestigi\u00f3s esturi\u00f3 <strong data-start=\"297\" data-end=\"310\">Huso Huso<\/strong>, el <strong data-start=\"315\" data-end=\"330\">Beluga Iran<\/strong> es distingeix pels seus <strong data-start=\"352\" data-end=\"375\">grans grisos matisats<\/strong>, d\u2019una <strong data-start=\"383\" data-end=\"402\">textura sedosa<\/strong> incomparable.<br data-start=\"416\" data-end=\"419\">La seva <strong data-start=\"423\" data-end=\"456\">intensitat iodada marcada (4\/5)<\/strong> revela <strong data-start=\"468\" data-end=\"499\">sabors rics i complexos<\/strong>, sublimats per delicades <strong data-start=\"528\" data-end=\"546\">notes mantegoses<\/strong> i una longitud en boca remarcable.<\/p>\n","protected":false},"featured_media":2099,"template":"","meta":{"_acf_changed":false,"_kad_blocks_custom_css":"","_kad_blocks_head_custom_js":"","_kad_blocks_body_custom_js":"","_kad_blocks_footer_custom_js":"","_kadence_starter_templates_imported_post":false,"_kad_post_transparent":"","_kad_post_title":"","_kad_post_layout":"","_kad_post_sidebar_id":"","_kad_post_content_style":"","_kad_post_vertical_padding":"","_kad_post_feature":"","_kad_post_feature_position":"","_kad_post_header":false,"_kad_post_footer":false,"_kad_post_classname":""},"product_brand":[],"product_cat":[123],"product_tag":[],"class_list":{"0":"post-2260","1":"product","2":"type-product","3":"status-publish","4":"has-post-thumbnail","6":"product_cat-caviars","8":"first","9":"instock","10":"taxable","11":"shipping-taxable","12":"purchasable","13":"product-type-variable","14":"entry","15":"content-bg","16":"loop-entry"},"acf":[],"taxonomy_info":{"product_cat":[{"value":123,"label":"CAVIARS"}]},"featured_image_src_large":["https:\/\/www.shahprestige.com\/wp-content\/uploads\/2026\/03\/Shah-Darya-Caviar_BELUGA-IRAN-1024x1024.png",1024,1024,true],"author_info":[],"comment_info":"","_links":{"self":[{"href":"https:\/\/www.shahprestige.com\/ca\/wp-json\/wp\/v2\/product\/2260","targetHints":{"allow":["GET"]}}],"collection":[{"href":"https:\/\/www.shahprestige.com\/ca\/wp-json\/wp\/v2\/product"}],"about":[{"href":"https:\/\/www.shahprestige.com\/ca\/wp-json\/wp\/v2\/types\/product"}],"wp:featuredmedia":[{"embeddable":true,"href":"https:\/\/www.shahprestige.com\/ca\/wp-json\/wp\/v2\/media\/2099"}],"wp:attachment":[{"href":"https:\/\/www.shahprestige.com\/ca\/wp-json\/wp\/v2\/media?parent=2260"}],"wp:term":[{"taxonomy":"product_brand","embeddable":true,"href":"https:\/\/www.shahprestige.com\/ca\/wp-json\/wp\/v2\/product_brand?post=2260"},{"taxonomy":"product_cat","embeddable":true,"href":"https:\/\/www.shahprestige.com\/ca\/wp-json\/wp\/v2\/product_cat?post=2260"},{"taxonomy":"product_tag","embeddable":true,"href":"https:\/\/www.shahprestige.com\/ca\/wp-json\/wp\/v2\/product_tag?post=2260"}],"curies":[{"name":"wp","href":"https:\/\/api.w.org\/{rel}","templated":true}]}}