{"id":2233,"date":"2026-02-17T19:56:51","date_gmt":"2026-02-17T18:56:51","guid":{"rendered":"https:\/\/www.shahprestige.com\/produit\/kaluga-signature\/"},"modified":"2026-04-21T10:05:40","modified_gmt":"2026-04-21T09:05:40","slug":"kaluga-signature","status":"publish","type":"product","link":"https:\/\/www.shahprestige.com\/ca\/produit\/kaluga-signature\/","title":{"rendered":"Kaluga Signature"},"content":{"rendered":"<p data-start=\"593\" data-end=\"1037\">Provinent del majestu\u00f3s esturi\u00f3 <strong data-start=\"629\" data-end=\"646\">Huso Dauricus<\/strong>, parent proper del llegendari Beluga, el <strong data-start=\"687\" data-end=\"707\">Kaluga Signature<\/strong> encarna pot\u00e8ncia, noblesa i profunditat arom\u00e0tica. Criats en vasts <strong data-start=\"784\" data-end=\"828\">llacs sinorussos que voregen el riu Amur<\/strong>, aquests esturions evolucionen en un entorn espai\u00f3s que afavoreix una nataci\u00f3 lliure i regular. Aquesta condici\u00f3 natural contribueix a la <strong data-start=\"966\" data-end=\"1003\">fermesa excepcional dels grans<\/strong> i a l&#8217;equilibri de la seva textura.  <\/p>\n<p data-start=\"1039\" data-end=\"1375\">Recol\u00b7lectat en la maduresa \u00f2ptima entre els <strong data-start=\"1073\" data-end=\"1089\">15 i 20 anys<\/strong>, aquest caviar es distingeix pels seus <strong data-start=\"1122\" data-end=\"1157\">grans generosos de 3,5 mm<\/strong>, perfectament separats i d&#8217;una consist\u00e8ncia remarcable. El seu color <strong data-start=\"1217\" data-end=\"1251\">marr\u00f3 profund amb reflexos daurats<\/strong> testimonia una selecci\u00f3 rigorosa, realitzada sota l&#8217;ull expert d&#8217;<strong data-start=\"1319\" data-end=\"1339\">experts iranians<\/strong>, garants d&#8217;un saber fer reconegut. <\/p>\n<p data-start=\"1377\" data-end=\"1659\">En boca, el Kaluga Signature desplega una <strong data-start=\"1420\" data-end=\"1454\">intensitat iodada afirmada (3\/5)<\/strong>, revelant una <strong data-start=\"1469\" data-end=\"1517\">explosi\u00f3 gustativa amb aromes excepcionals<\/strong>. Les <strong data-start=\"1523\" data-end=\"1551\">notes marines untuoses<\/strong> envolten el paladar amb profunditat, abans de deixar pas a un final llarg, elegant i persistent. <\/p>\n<p data-start=\"1661\" data-end=\"1853\">Pensat per a les <strong data-start=\"1676\" data-end=\"1698\">taules d&#8217;excepci\u00f3<\/strong> i els amants entesos, el Kaluga Signature ofereix una experi\u00e8ncia gastron\u00f2mica intensa i refinada, on la pot\u00e8ncia i l&#8217;eleg\u00e0ncia s&#8217;expressen amb equilibri.<\/p>\n","protected":false},"excerpt":{"rendered":"<p>Provinent de l&#8217;esturi\u00f3 <strong data-start=\"245\" data-end=\"262\">Huso Dauricus<\/strong>, parent proper del gran Beluga, el <strong data-start=\"298\" data-end=\"318\">Kaluga Signature<\/strong> sedueix pels seus <strong data-start=\"334\" data-end=\"367\">grans marrons amb reflexos daurats<\/strong>, d&#8217;una <strong data-start=\"375\" data-end=\"398\">fermesa remarcable<\/strong>.<br data-start=\"399\" data-end=\"402\">La seva intensitat iodada equilibrada revela una <strong data-start=\"444\" data-end=\"496\" data-is-only-node=\"\">explosi\u00f3 gustativa amb notes marines untuoses<\/strong>, per a una degustaci\u00f3 profunda i persistent.<\/p>\n","protected":false},"featured_media":2100,"template":"","meta":{"_acf_changed":false,"_kad_blocks_custom_css":"","_kad_blocks_head_custom_js":"","_kad_blocks_body_custom_js":"","_kad_blocks_footer_custom_js":"","_kadence_starter_templates_imported_post":false,"_kad_post_transparent":"","_kad_post_title":"","_kad_post_layout":"","_kad_post_sidebar_id":"","_kad_post_content_style":"","_kad_post_vertical_padding":"","_kad_post_feature":"","_kad_post_feature_position":"","_kad_post_header":false,"_kad_post_footer":false,"_kad_post_classname":""},"product_brand":[],"product_cat":[123],"product_tag":[],"class_list":{"0":"post-2233","1":"product","2":"type-product","3":"status-publish","4":"has-post-thumbnail","6":"product_cat-caviars","8":"first","9":"instock","10":"taxable","11":"shipping-taxable","12":"purchasable","13":"product-type-variable","14":"entry","15":"content-bg","16":"loop-entry"},"acf":[],"taxonomy_info":{"product_cat":[{"value":123,"label":"CAVIARS"}]},"featured_image_src_large":["https:\/\/www.shahprestige.com\/wp-content\/uploads\/2026\/03\/Shah-Darya-Caviar_KALUGA-SIGNATURE-1024x1024.png",1024,1024,true],"author_info":[],"comment_info":"","_links":{"self":[{"href":"https:\/\/www.shahprestige.com\/ca\/wp-json\/wp\/v2\/product\/2233","targetHints":{"allow":["GET"]}}],"collection":[{"href":"https:\/\/www.shahprestige.com\/ca\/wp-json\/wp\/v2\/product"}],"about":[{"href":"https:\/\/www.shahprestige.com\/ca\/wp-json\/wp\/v2\/types\/product"}],"wp:featuredmedia":[{"embeddable":true,"href":"https:\/\/www.shahprestige.com\/ca\/wp-json\/wp\/v2\/media\/2100"}],"wp:attachment":[{"href":"https:\/\/www.shahprestige.com\/ca\/wp-json\/wp\/v2\/media?parent=2233"}],"wp:term":[{"taxonomy":"product_brand","embeddable":true,"href":"https:\/\/www.shahprestige.com\/ca\/wp-json\/wp\/v2\/product_brand?post=2233"},{"taxonomy":"product_cat","embeddable":true,"href":"https:\/\/www.shahprestige.com\/ca\/wp-json\/wp\/v2\/product_cat?post=2233"},{"taxonomy":"product_tag","embeddable":true,"href":"https:\/\/www.shahprestige.com\/ca\/wp-json\/wp\/v2\/product_tag?post=2233"}],"curies":[{"name":"wp","href":"https:\/\/api.w.org\/{rel}","templated":true}]}}