{"id":2183,"date":"2026-02-19T17:56:59","date_gmt":"2026-02-19T16:56:59","guid":{"rendered":"https:\/\/www.shahprestige.com\/produit\/safra-de-liran-en-pistils\/"},"modified":"2026-04-21T10:04:46","modified_gmt":"2026-04-21T09:04:46","slug":"safra-de-liran-en-pistils","status":"publish","type":"product","link":"https:\/\/www.shahprestige.com\/ca\/produit\/safra-de-liran-en-pistils\/","title":{"rendered":"Safr\u00e0 de l&#8217;Iran en pistils"},"content":{"rendered":"<p data-start=\"551\" data-end=\"852\">Provinent de les terres hist\u00f2riques de P\u00e8rsia, el nostre <strong data-start=\"595\" data-end=\"631\">safr\u00e0 de l&#8217;Iran en pistils pr\u00e8mium<\/strong> encarna l&#8217;excel\u00b7l\u00e8ncia i la tradici\u00f3 mil\u00b7len\u00e0ria de l&#8217;or vermell. Collit a m\u00e0 i seleccionat acuradament, es distingeix pels seus <strong data-start=\"767\" data-end=\"820\">estigmes llargs, perfectament vermells i homogenis<\/strong>, garantia d&#8217;una qualitat superior. <\/p>\n<p data-start=\"854\" data-end=\"1184\">El seu <strong data-start=\"857\" data-end=\"882\">color vermell profund<\/strong>, sense traces grogues excessives, testimonia un alt nivell de puresa i una concentraci\u00f3 arom\u00e0tica \u00f2ptima. En infusi\u00f3, allibera progressivament una <strong data-start=\"1038\" data-end=\"1070\">pot\u00e8ncia olfactiva refinada<\/strong>, amb notes c\u00e0lides, lleugerament meloses i subtilment met\u00e0l\u00b7liques, caracter\u00edstiques dels grans safrans iranians. <\/p>\n<p data-start=\"1186\" data-end=\"1471\">En boca, desenvolupa una intensitat elegant, equilibrada i persistent, capa\u00e7 de sublimar tant els plats gastron\u00f2mics com les creacions dolces. Uns pocs pistils s\u00f3n suficients per revelar tota la seva riquesa i transformar una preparaci\u00f3 en una experi\u00e8ncia sensorial d&#8217;excepci\u00f3. <\/p>\n<p data-start=\"1473\" data-end=\"1670\">Destinat tant a amants il\u00b7lustrats com a xefs exigents, aquest safr\u00e0 pr\u00e8mium encarna el respecte pel saber fer tradicional i la recerca constant de qualitat pr\u00f2pia de l&#8217;univers <strong data-start=\"1652\" data-end=\"1669\">Shah Prestige<\/strong>.<\/p>\n","protected":false},"excerpt":{"rendered":"<p>D&#8217;un <strong data-start=\"236\" data-end=\"261\">color vermell intens<\/strong>, el nostre <strong data-start=\"269\" data-end=\"305\">safr\u00e0 de l&#8217;Iran en pistils pr\u00e8mium<\/strong> es distingeix per la seva puresa remarcable i la seva pot\u00e8ncia arom\u00e0tica.<br data-start=\"372\" data-end=\"375\">Seleccionat amb exig\u00e8ncia, ofereix una expressi\u00f3 rica i elegant, signatura dels safrans de gran origen.<\/p>\n","protected":false},"featured_media":1754,"template":"","meta":{"_acf_changed":false,"_kad_blocks_custom_css":"","_kad_blocks_head_custom_js":"","_kad_blocks_body_custom_js":"","_kad_blocks_footer_custom_js":"","_kadence_starter_templates_imported_post":false,"_kad_post_transparent":"","_kad_post_title":"","_kad_post_layout":"","_kad_post_sidebar_id":"","_kad_post_content_style":"","_kad_post_vertical_padding":"","_kad_post_feature":"","_kad_post_feature_position":"","_kad_post_header":false,"_kad_post_footer":false,"_kad_post_classname":""},"product_brand":[],"product_cat":[135],"product_tag":[],"class_list":{"0":"post-2183","1":"product","2":"type-product","3":"status-publish","4":"has-post-thumbnail","6":"product_cat-safrans","8":"first","9":"instock","10":"taxable","11":"shipping-taxable","12":"purchasable","13":"product-type-variable","14":"entry","15":"content-bg","16":"loop-entry"},"acf":[],"taxonomy_info":{"product_cat":[{"value":135,"label":"SAFRANS"}]},"featured_image_src_large":["https:\/\/www.shahprestige.com\/wp-content\/uploads\/2026\/03\/Shah-Fran_etiquette-1024x1024.png",1024,1024,true],"author_info":[],"comment_info":"","_links":{"self":[{"href":"https:\/\/www.shahprestige.com\/ca\/wp-json\/wp\/v2\/product\/2183","targetHints":{"allow":["GET"]}}],"collection":[{"href":"https:\/\/www.shahprestige.com\/ca\/wp-json\/wp\/v2\/product"}],"about":[{"href":"https:\/\/www.shahprestige.com\/ca\/wp-json\/wp\/v2\/types\/product"}],"wp:featuredmedia":[{"embeddable":true,"href":"https:\/\/www.shahprestige.com\/ca\/wp-json\/wp\/v2\/media\/1754"}],"wp:attachment":[{"href":"https:\/\/www.shahprestige.com\/ca\/wp-json\/wp\/v2\/media?parent=2183"}],"wp:term":[{"taxonomy":"product_brand","embeddable":true,"href":"https:\/\/www.shahprestige.com\/ca\/wp-json\/wp\/v2\/product_brand?post=2183"},{"taxonomy":"product_cat","embeddable":true,"href":"https:\/\/www.shahprestige.com\/ca\/wp-json\/wp\/v2\/product_cat?post=2183"},{"taxonomy":"product_tag","embeddable":true,"href":"https:\/\/www.shahprestige.com\/ca\/wp-json\/wp\/v2\/product_tag?post=2183"}],"curies":[{"name":"wp","href":"https:\/\/api.w.org\/{rel}","templated":true}]}}